{"id":1158,"date":"2025-09-03T12:03:04","date_gmt":"2025-09-03T10:03:04","guid":{"rendered":"http:\/\/www.eisbem.eu\/?page_id=1158"},"modified":"2026-04-21T10:17:53","modified_gmt":"2026-04-21T08:17:53","slug":"teachers_2026","status":"publish","type":"page","link":"http:\/\/www.eisbem.eu\/index.php\/teachers_2026\/","title":{"rendered":"Teachers_2026"},"content":{"rendered":"<table style=\"border-collapse: collapse; width: 100%; height: 1346px;\">\n<tbody>\n<tr style=\"height: 30px; border-style: none;\">\n<td style=\"width: 76.8613%; border-style: none; height: 30px;\"><span style=\"font-family: georgia, palatino, serif; font-size: 20px;\"><strong><span style=\"color: #000000;\">Ilaria Catapano<\/span><\/strong><\/span><\/td>\n<\/tr>\n<tr style=\"height: 30px;\">\n<td style=\"width: 76.8613%; border-style: none; height: 30px;\">\n<p style=\"text-align: justify;\"><span style=\"color: #000000;\"><span style=\"font-size: 20px;\"><strong><span style=\"font-family: georgia, palatino, serif;\">Nunzio Cennamo<\/span><\/strong><\/span> <span style=\"font-family: georgia, palatino, serif;\">was born in\u00a0<\/span><\/span><img loading=\"lazy\" decoding=\"async\" class=\" wp-image-1311 alignleft\" src=\"http:\/\/www.eisbem.eu\/wp-content\/uploads\/2025\/12\/Foto-cennamo_nunzio-284x300.jpg\" alt=\"\" width=\"262\" height=\"277\" srcset=\"http:\/\/www.eisbem.eu\/wp-content\/uploads\/2025\/12\/Foto-cennamo_nunzio-284x300.jpg 284w, http:\/\/www.eisbem.eu\/wp-content\/uploads\/2025\/12\/Foto-cennamo_nunzio.jpg 293w\" sizes=\"auto, (max-width: 262px) 100vw, 262px\" \/><span style=\"color: #000000;\"><span style=\"font-family: georgia, palatino, serif;\">Italy in 1975. He received the master&#8217;s degree in Electronic Engineering in 2<\/span><\/span><span style=\"color: #000000;\"><span style=\"font-family: georgia, palatino, serif;\">002 a<\/span><\/span><span style=\"color: #000000;\"><span style=\"font-family: georgia, palatino, serif;\">nd the PhD degree in Electronic Engineering in 2005, both from the Second University of Naples, Naples, Italy. He is a full Professor in Electronics and Photonics at the University of Campania Luigi Vanvitelli, Naples (Italy). His research interests include the design and fabrication of optical sensors and biosensors, optical-chemical sensors, and optoelectronic devices. He is the author of more than 230 international journal and conference papers and about 20 patents. He is a co-founder of the Spin Off MORESENSE srl, based in Milan (Italy). He is an Associate Editor of Sensors (MDPI), Applied Sciences (MDPI), and Photonics Research (Optica). He is an OPTICA Senior Member. He is an Organizer and General Chair of several Internation Conferences, the IEEE \u201cSensor Applications Symposium\u201d (IEEE SAS 2024), Naples (Italy) July 23-25, \u201c7th International Symposium on Sensor Science\u201d (I3S 2019) 9-11 May 2019, Naples (Italy), and of several editions of the \u201cInternational Electronic Conference on Applied Sciences\u201d (ASEC 2021, ASEC 2022, ASEC 2023, ASEC 2024, ASEC 2025). He is an organiser of two editions (the 6th and 7th) of the \u201cIEEE International Symposium M&amp;N (18-20 July 2022 Padua &#8211; Italy and 3-5 July 2024 Rome &#8211; Italy), and from 2025 is a member of the IEEE SAS Steering Committee. He has been an invited speaker at several Webinars, Summer Schools, and International Conferences. He is an organiser\/Chair of several Special Sessions in International Conferences and a Member of several Scientific Committees. He is a Principal Investigator on several national Projects and the Coordinator of the Local Unit for national and international Projects (total budget of about 5 M Euros).<\/span><\/span><\/p>\n<\/td>\n<\/tr>\n<tr style=\"height: 30px;\">\n<td style=\"width: 76.8613%; border-style: none; height: 30px;\"><span style=\"font-family: georgia, palatino, serif; font-size: 20px;\"><strong><span style=\"color: #000000;\">Alessandra Costanzo<\/span><\/strong><\/span><\/td>\n<\/tr>\n<tr style=\"height: 330px;\">\n<td style=\"width: 76.8613%; text-align: justify; border-style: none; height: 330px;\"><span style=\"font-family: georgia, palatino, serif; font-size: 20px;\"><strong><span style=\"color: #000000;\">Gian Piero Galleran<\/span><\/strong><\/span><img loading=\"lazy\" decoding=\"async\" class=\"wp-image-1264 alignleft\" src=\"http:\/\/www.eisbem.eu\/wp-content\/uploads\/2025\/11\/Gallerano_mod.png\" alt=\"\" width=\"205\" height=\"277\" \/><span style=\"font-family: georgia, palatino, serif; font-size: 20px;\"><strong><span style=\"color: #000000;\">o <\/span><\/strong><span style=\"color: #000000;\"><span style=\"font-size: 16px;\">studied Physics at the University of Rome, Italy, where he received his Laurea Degree (Ph.D.) with honor<\/span><\/span><\/span><span style=\"font-family: georgia, palatino, serif; font-size: 20px;\"><span style=\"color: #000000;\"><span style=\"font-size: 16px;\">s in 1980 with a thesis on the design and realization of a tunable color center laser in the\u00a0<\/span><\/span><\/span><span style=\"font-family: georgia, palatino, serif; font-size: 20px;\"><span style=\"color: #000000;\"><span style=\"font-size: 16px;\">near infrar<\/span><\/span><\/span><span style=\"font-family: georgia, palatino, serif; font-size: 20px;\"><span style=\"color: #000000;\"><span style=\"font-size: 16px;\">ed. Afterwards he was a Research Fellow at the High-Power Laser Laboratory, ENEA Research Center, Frascati, where he became a Staff Researcher in 1983 dealing with the design of optical resonators for infrared free electron lasers and excimer lasers. \u00a0In the years 2001-2004 he coordinated the European project THz-BRIDGE, involving ten research institutes in the study the interaction of THz radiation with biological systems. From 2010 to his retirement in 2022 he has been the Head of the Radiation Sources, Diagnostics and Laser-matter interaction Laboratory at ENEA-Frascati. He is an IOC member of the International Society of Infrared, Millimeter and THz Waves, IRMMW-THz. His current areas of interest include generation of THz radiation and its application in the biological, biomedical, environmental and art conservation fields, coherent emission from r.f. modulated electron beams, free electron lasers and their applications. He is author\/co-author of about 300 publications with over 3500 citations, H-index 29, i10-index 79. He holds 3 international patents on the above subjects.<\/span><\/span><\/span><\/td>\n<\/tr>\n<tr style=\"height: 30px;\">\n<td style=\"width: 76.8613%; height: 30px; border-style: none;\"><span style=\"font-family: georgia, palatino, serif; font-size: 20px;\"><strong><span style=\"color: #000000;\">Katia Grenier<\/span><\/strong><\/span><\/td>\n<\/tr>\n<tr style=\"height: 30px;\">\n<td style=\"width: 76.8613%; height: 30px; border-style: none;\">\n<p style=\"text-align: justify;\"><span style=\"font-family: georgia, palatino, serif; font-size: 16px; color: #000000;\"><span style=\"font-size: 20px;\"><strong>Pedro<\/strong><\/span><\/span><img loading=\"lazy\" decoding=\"async\" class=\" wp-image-1334 alignleft\" src=\"http:\/\/www.eisbem.eu\/wp-content\/uploads\/2026\/04\/PedroJorge.png\" alt=\"\" width=\"198\" height=\"264\" \/><span style=\"font-family: georgia, palatino, serif; font-size: 16px; color: #000000;\"><span style=\"font-size: 20px;\"><strong>\u00a0Jorge<\/strong><\/span> holds a PhD in Physics from the University of Porto (2006) and is currently a Senior Researcher at INESC<\/span><span style=\"font-family: georgia, palatino, serif; font-size: 16px; color: #000000;\">\u00a0TEC and an Assistant Professor at the Faculty of Sciences of the University of Porto. He leads a research\u00a0<\/span><span style=\"font-family: georgia, palatino, serif; font-size: 16px; color: #000000;\">team at th<\/span><span style=\"font-family: georgia, palatino, serif; font-size: 16px; color: #000000;\">e Centre for Applied Photonics, where he works on how light-based technologies can be used to sense and monitor chemical and biological systems. His research focuses on applications in areas such as environmental monitoring, biomedicine, and industry, using tools like optical fiber sensors, spectroscopy, and laser-based techniques. Pedro has been involved in a wide range of national and international research projects, collaborating with both academic and industrial partners. He also supervises MSc and PhD students and is actively engaged in training the next generation of researchers. His work spans from developing sensors for real-time monitoring in mining and aquaculture to techniques for analysing and manipulating single cells. He has co-authored over 120 scientific publications and holds several patents in photonic sensing technologies.<\/span><\/p>\n<\/td>\n<\/tr>\n<tr style=\"height: 30px;\">\n<td style=\"width: 76.8613%; height: 30px; border-style: none;\">\n<p style=\"text-align: justify;\"><span style=\"color: #000000;\"><span style=\"font-family: georgia, palatino, serif;\"><img loading=\"lazy\" decoding=\"async\" class=\"size-medium wp-image-1343 alignright\" src=\"http:\/\/www.eisbem.eu\/wp-content\/uploads\/2026\/04\/foto_DellOlio-217x300.jpg\" alt=\"\" width=\"217\" height=\"300\" srcset=\"http:\/\/www.eisbem.eu\/wp-content\/uploads\/2026\/04\/foto_DellOlio-217x300.jpg 217w, http:\/\/www.eisbem.eu\/wp-content\/uploads\/2026\/04\/foto_DellOlio-739x1024.jpg 739w, http:\/\/www.eisbem.eu\/wp-content\/uploads\/2026\/04\/foto_DellOlio-768x1064.jpg 768w, http:\/\/www.eisbem.eu\/wp-content\/uploads\/2026\/04\/foto_DellOlio-1109x1536.jpg 1109w, http:\/\/www.eisbem.eu\/wp-content\/uploads\/2026\/04\/foto_DellOlio-1479x2048.jpg 1479w, http:\/\/www.eisbem.eu\/wp-content\/uploads\/2026\/04\/foto_DellOlio.jpg 1535w\" sizes=\"auto, (max-width: 217px) 100vw, 217px\" \/><span style=\"font-size: 20px;\"><strong>F<\/strong><\/span><\/span><span style=\"font-family: georgia, palatino, serif; font-size: 16px;\"><span style=\"font-size: 20px;\"><strong>rancesco Dell\u2019Olio<\/strong><\/span> is an Associate Professor in Electronics at the Polytechnic University of Bari, Italy. He has attained the National Scientific Qualification for the position of Full Professor in Electronics and Physics of Matter. <\/span><span style=\"font-family: georgia, palatino, serif; font-size: 16px;\">He was awarded his PhD in Information &amp; Communication Technologies in 2010.\u00a0Dell\u2019Olio is a regular member of organizing committees and program committees for international conferences, including CLEO, SPIE Photonics West, and the IEEE Photonics Conference. He is co-author of two books, published respectively by Springer and World Scientific, and 90+ papers in international peer-reviewed journals. He has been involved in several research projects funded by the Italian Ministry of University and Research, the European Space Agency, the Italian Space Agency, as well as industrial companies, some of which involved taking on roles of scientific responsibility. His research focuses on Silicon Photonics and Nanophotonics, with particular regard for modeling, design, and characterization of devices and integrated circuits for telecommunications and sensing. He has of late branched into electrochemical and colorimetric wearable sensors and miniature sensor-based embedded systems. Dell\u2019Olio recently co-founded a startup company, WEATECHO, which is developing wearable devices for the Healthcare market.<\/span><\/span><\/p>\n<\/td>\n<\/tr>\n<tr style=\"height: 30px;\">\n<td style=\"width: 76.8613%; height: 30px; border-style: none;\"><span style=\"font-family: georgia, palatino, serif; font-size: 20px;\"><strong><span style=\"color: #000000;\">Antonio Manna<\/span><\/strong><\/span><\/td>\n<\/tr>\n<tr style=\"height: 326px;\">\n<td style=\"width: 76.8613%; border-style: none; height: 326px;\">\n<p style=\"text-align: justify;\"><span style=\"color: #000000; font-family: georgia, palatino, serif;\"><span style=\"font-size: 20px;\"><strong>Denys Nikolayev<\/strong><\/span> receive<\/span><img loading=\"lazy\" decoding=\"async\" class=\"wp-image-1265 alignleft\" src=\"http:\/\/www.eisbem.eu\/wp-content\/uploads\/2025\/11\/Nikolayev_mod-240x300.png\" alt=\"\" width=\"226\" height=\"283\" srcset=\"http:\/\/www.eisbem.eu\/wp-content\/uploads\/2025\/11\/Nikolayev_mod-240x300.png 240w, http:\/\/www.eisbem.eu\/wp-content\/uploads\/2025\/11\/Nikolayev_mod.png 328w\" sizes=\"auto, (max-width: 226px) 100vw, 226px\" \/><span style=\"color: #000000; font-family: georgia, palatino, serif;\">d his M.Sc. degree summa cum laude in applied electromagnetics from Lviv Polyt<\/span><span style=\"color: #000000; font-family: georgia, palatino, serif;\">echnic National University, Ukraine, in 2008. He earned dual Ph.D. degrees in electronics from the IETR laboratory of the French National Center for Scientific Research (CNRS), France, and in electrical engineering from the University of West Bohemia in Pilsen, Czechia, in 2017. In 2023, he obtained the &#8220;Habilitation \u00e0 Diriger des Recherches&#8221; (HDR) degree from the University of Rennes, France. <\/span><span style=\"color: #000000; font-family: georgia, palatino, serif;\">He served as a Postdoctoral Fellow at imec\/Ghent University, Belgium, until 2018, followed by a position of a Scientist at the \u00c9cole Polytechnique F\u00e9d\u00e9rale de Lausanne (EPFL), Switzerland, until 2020. He then joined the French National Center for Scientific Research (CNRS) as a Senior Scientist (fr. charg\u00e9 de recherche). Dr. Nikolayev&#8217;s research focuses on the theoretical foundations and engineering of wireless bioelectronics. <\/span><span style=\"color: #000000; font-family: georgia, palatino, serif;\">Dr. Nikolayev\u2019s work has been recognized with several awards, including the Best Ph.D. Dissertation Award from the Fondation Rennes. He is a laureate of the ERC Starting Grant (2024), the Eiffel Excellence Doctoral Fellowship and the recipient of the ANR\u2013NRF PRCI Research Fellowship (2021), jointly awarded by the Agence Nationale de la Recherche, France, and the National Research Foundation, Singapore. Since 2022, Dr. Nikolayev has served as an appointment member of the Section 10 of the French National Committee for Scientific Research.\u00a0<\/span><\/p>\n<\/td>\n<\/tr>\n<tr style=\"height: 300px;\">\n<td style=\"width: 76.8613%; border-style: none; height: 300px;\">\n<p style=\"text-align: justify;\"><span style=\"color: #000000; font-family: georgia, palatino, serif;\"><span style=\"font-size: 20px;\"><strong>Alessandra\u00a0<\/strong><\/span><\/span><img loading=\"lazy\" decoding=\"async\" class=\"size-medium wp-image-1263 alignright\" src=\"http:\/\/www.eisbem.eu\/wp-content\/uploads\/2025\/11\/Paffi-227x300.png\" alt=\"\" width=\"227\" height=\"300\" srcset=\"http:\/\/www.eisbem.eu\/wp-content\/uploads\/2025\/11\/Paffi-227x300.png 227w, http:\/\/www.eisbem.eu\/wp-content\/uploads\/2025\/11\/Paffi.png 392w\" sizes=\"auto, (max-width: 227px) 100vw, 227px\" \/><span style=\"color: #000000; font-family: georgia, palatino, serif;\"><span style=\"font-size: 20px;\"><strong>Paffi<\/strong> <\/span>is a researcher and lecturer at the Department of Information Engineering, Electronics and Telecommunications (DIET), Sapienza University of Rome. She holds a Master\u2019s degree with honors and a Ph.D. in Electronic Engineering from Sapienza, with more than 20 years of research and teaching experience. <\/span><span style=\"color: #000000; font-family: georgia, palatino, serif;\">Her research a<\/span><span style=\"color: #000000; font-family: georgia, palatino, serif;\">ctivity explores electromagnetic field interactions with biological systems, including exposure systems design, electric and magnetic stimulation of the nervous system, microdosimetry, electroporation, and multiscale modeling. She has been involved in national and European research projects as PI or unit member. <\/span><span style=\"color: #000000; font-family: georgia, palatino, serif;\">She taught courses on bioelectromagnetics, high frequency electromagnetic measurements, signal processing and electromagnetic compatibility of medical devices for more than 14 years. She has also been an invited lecturer at the International School of Bioelectromagnetics \u201cAlessandro Chiabrera\u201d, Ettore Majorana Center, Erice. <\/span><span style=\"color: #000000; font-family: georgia, palatino, serif;\">She has authored over 100 peer-reviewed publications and regularly serves as a reviewer for major international journals and conferences and has been invited speaker and organizer at numerous scientific events.<\/span><\/p>\n<\/td>\n<\/tr>\n<tr style=\"height: 30px;\">\n<td style=\"width: 76.8613%; height: 30px; border-style: none;\"><span style=\"font-family: georgia, palatino, serif; font-size: 20px;\"><strong><span style=\"color: #000000;\">Marie-Pierre Rols<\/span><\/strong><\/span><\/td>\n<\/tr>\n<tr style=\"height: 30px;\">\n<td style=\"width: 76.8613%; height: 30px; border-style: none; text-align: justify;\"><span style=\"font-family: georgia, palatino, serif; font-size: 20px;\"><strong><span style=\"color: #000000;\">Maria Rosaria Scarf\u00ec <\/span><\/strong><span style=\"color: #000000; font-size: 16px;\">u<\/span><\/span><span style=\"font-size: 16px;\"><img loading=\"lazy\" decoding=\"async\" class=\"size-medium wp-image-1299 alignleft\" src=\"http:\/\/www.eisbem.eu\/wp-content\/uploads\/2025\/11\/MRS1-225x300.png\" alt=\"\" width=\"225\" height=\"300\" srcset=\"http:\/\/www.eisbem.eu\/wp-content\/uploads\/2025\/11\/MRS1-225x300.png 225w, http:\/\/www.eisbem.eu\/wp-content\/uploads\/2025\/11\/MRS1-768x1024.png 768w, http:\/\/www.eisbem.eu\/wp-content\/uploads\/2025\/11\/MRS1-1152x1536.png 1152w, http:\/\/www.eisbem.eu\/wp-content\/uploads\/2025\/11\/MRS1-1536x2048.png 1536w, http:\/\/www.eisbem.eu\/wp-content\/uploads\/2025\/11\/MRS1-scaled.png 1920w\" sizes=\"auto, (max-width: 225px) 100vw, 225px\" \/><\/span><span style=\"font-family: georgia, palatino, serif; font-size: 20px;\"><span style=\"color: #000000;\"><span style=\"font-size: 16px;\">ntil<\/span> <\/span><span style=\"color: #000000; font-size: 16px;\">April 2024 was Research Director and head of the Bioelectromagnetics Unit at the CNR, Institute for the Electromagnetic Sensing of the Environment (IREA), Naples, Italy. Currently she is Associat<\/span><\/span><span style=\"font-family: georgia, palatino, serif; font-size: 20px;\"><span style=\"color: #000000; font-size: 16px;\">e Senior Researcher at CNR-IREA. Her main research activities are in the evaluation of <em>in vitro<\/em> biological effects of non-ionizing electromagnetic fields, from static fields to THz. She is also involved in the evaluation of biological effects induced in cell cultures exposed to high voltage, micro- and nano-second electric pulses. She has been responsible for the IREA group in the framework of the International Bioelectric Consortium. She authored or co-authored more than 120 papers in peer-reviewed journals. She has been external expert of the Working Group on Electromagnetic Fields for the \u201cOpinion on the potential health effects of exposure to electromagnetic fields\u201d, EU Commission \u2013 <em>SCENIHR<\/em>; she is a member of the core group for the preparation of the World Health Organization monograph on risk assessment for RF fields and member of the Scientific Committee of the Swedish Radiation Safety Authority \u2013 Electromagnetic Fields. She was a board-member of the European Bioelectromagnetics Association (EBEA) and of the Bioelectromagnetic Society (BEMS). She served as Associated Editor for several peer-reviewed journals (Bioelectromagnetics, PlosOne, Scientific report). Since 2017 she is the co-Director of the International School of Biolectromagnetism \u201cA. Chiabrera\u201d at the Foundation and Centre for Scientific Culture E. Majorana (Erice, Sicily).<\/span><\/span><\/td>\n<\/tr>\n<tr style=\"height: 30px;\">\n<td style=\"width: 76.8613%; height: 30px; border-style: none;\"><span style=\"font-family: georgia, palatino, serif; font-size: 20px;\"><strong><span style=\"color: #000000;\">Raffaele Solimene<\/span><\/strong><\/span><\/td>\n<\/tr>\n<tr style=\"height: 30px;\">\n<td style=\"width: 76.8613%; height: 30px; border-style: none; text-align: justify;\"><span style=\"font-family: georgia, palatino, serif; font-size: 20px;\"><span style=\"font-family: georgia, palatino, serif; font-size: 20px;\"><strong><span style=\"color: #000000;\">Oliver Soppera <\/span><\/strong><span style=\"color: #000000;\"><span style=\"font-family: georgia, palatino, serif; font-size: 16px;\">is Directeur de Recherche at IS2M (CNRS, Universit\u00e9 de Haute-Alsace, Mulhouse, France). He is graduated from Ecole Normale Sup\u00e9rieure de Cachan, agr\u00e9g\u00e9 de chimie (1998) and PhD in physical-chemistry at Universit\u00e9 de Haute\u2010Alsace. He had a post-doc position at Porto University (Marie Curie Fellowship) and then integrated CNRS as a charg\u00e9 de recherche at D\u00e9partment of Photochemistry in 2003. Since then, he has been working on photochemistry, photomaterials, plasmonic, micro-nano-fabrication for applications in optics, photonics, and sensors. In particular he was involved in research project developing photopolymerisable molecularly imprinted polymers for high sensitivity and high specificity optical sensors. He his author or co-author of more than 190 peer-reviewed papers, 5 book chapters, 8 patents, more than 120 papers in international conferences (40 invited papers). He received CNRS Bronze Medal and France-Taiwan Prize of French Acad\u00e9mie des Sciences in 2022.<\/span><\/span><\/span><\/span><\/td>\n<\/tr>\n<tr style=\"height: 30px;\">\n<td style=\"width: 76.8613%; height: 30px; border-style: none;\"><span style=\"font-family: georgia, palatino, serif; font-size: 20px;\"><strong><span style=\"color: #000000;\">Marco Spirito<\/span><\/strong><\/span><\/td>\n<\/tr>\n<tr style=\"height: 30px;\">\n<td style=\"width: 76.8613%; height: 30px; border-style: none;\"><span style=\"font-family: georgia, palatino, serif; font-size: 20px;\"><strong><span style=\"color: #000000;\">Luigi Zeni<\/span><\/strong><\/span><\/td>\n<\/tr>\n<\/tbody>\n<\/table>\n","protected":false},"excerpt":{"rendered":"<p>Ilaria Catapano Nunzio Cennamo was born in\u00a0Italy in 1975. He received the master&#8217;s degree in Electronic Engineering in 2002 and the PhD degree in Electronic Engineering in 2005, both from the Second University of Naples, Naples, Italy. He is a full Professor in Electronics and Photonics at the University of Campania Luigi Vanvitelli, Naples (Italy).<span class=\"post-excerpt-end\">&hellip;<\/span><\/p>\n<p class=\"more-link\"><a href=\"http:\/\/www.eisbem.eu\/index.php\/teachers_2026\/\" class=\"themebutton\">Read More<\/a><\/p>\n","protected":false},"author":1,"featured_media":0,"parent":0,"menu_order":0,"comment_status":"closed","ping_status":"closed","template":"","meta":{"_eb_attr":"","footnotes":""},"class_list":["post-1158","page","type-page","status-publish","hentry"],"_links":{"self":[{"href":"http:\/\/www.eisbem.eu\/index.php\/wp-json\/wp\/v2\/pages\/1158","targetHints":{"allow":["GET"]}}],"collection":[{"href":"http:\/\/www.eisbem.eu\/index.php\/wp-json\/wp\/v2\/pages"}],"about":[{"href":"http:\/\/www.eisbem.eu\/index.php\/wp-json\/wp\/v2\/types\/page"}],"author":[{"embeddable":true,"href":"http:\/\/www.eisbem.eu\/index.php\/wp-json\/wp\/v2\/users\/1"}],"replies":[{"embeddable":true,"href":"http:\/\/www.eisbem.eu\/index.php\/wp-json\/wp\/v2\/comments?post=1158"}],"version-history":[{"count":56,"href":"http:\/\/www.eisbem.eu\/index.php\/wp-json\/wp\/v2\/pages\/1158\/revisions"}],"predecessor-version":[{"id":1347,"href":"http:\/\/www.eisbem.eu\/index.php\/wp-json\/wp\/v2\/pages\/1158\/revisions\/1347"}],"wp:attachment":[{"href":"http:\/\/www.eisbem.eu\/index.php\/wp-json\/wp\/v2\/media?parent=1158"}],"curies":[{"name":"wp","href":"https:\/\/api.w.org\/{rel}","templated":true}]}}